{"id":2431,"date":"2022-04-05T09:37:00","date_gmt":"2022-04-05T07:37:00","guid":{"rendered":"https:\/\/www.deckenpartner.com\/konfigurator\/?post_type=product&#038;p=2431"},"modified":"2022-05-20T15:08:13","modified_gmt":"2022-05-20T13:08:13","slug":"ciling-spanndecke-seidenmatt","status":"publish","type":"product","link":"https:\/\/www.deckenpartner.com\/konfigurator\/produkt\/ciling-spanndecke-seidenmatt\/","title":{"rendered":"CILING Spanndecke Seidenmatt"},"content":{"rendered":"\t\t<div data-elementor-type=\"product-post\" data-elementor-id=\"2431\" class=\"elementor elementor-2431\" data-elementor-post-type=\"product\">\n\t\t\t\t\t\t<section class=\"elementor-section elementor-top-section elementor-element elementor-element-2ce286d8 elementor-section-boxed elementor-section-height-default elementor-section-height-default\" data-id=\"2ce286d8\" data-element_type=\"section\" data-e-type=\"section\">\n\t\t\t\t\t\t<div class=\"elementor-container elementor-column-gap-default\">\n\t\t\t\t\t<div class=\"elementor-column elementor-col-100 elementor-top-column elementor-element elementor-element-6d6846be\" data-id=\"6d6846be\" data-element_type=\"column\" data-e-type=\"column\">\n\t\t\t<div class=\"elementor-widget-wrap elementor-element-populated\">\n\t\t\t\t\t\t<div class=\"elementor-element elementor-element-2ee62ab9 elementor-widget elementor-widget-text-editor\" data-id=\"2ee62ab9\" data-element_type=\"widget\" data-e-type=\"widget\" data-widget_type=\"text-editor.default\">\n\t\t\t\t<div class=\"elementor-widget-container\">\n\t\t\t\t\t\t\t\t\t<h2>Spanndecken &#8211; \nSchnell, sauber, sch\u00f6n und made in Germany<\/h2>\t\t\n\t\t<p>Ob Wohnhaus, B\u00fcrokomplex, Hotel, Schwimmbad, Krankenhaus oder Museum \u2013 die ma\u00dfkonfektionierte Decke bietet unz\u00e4hlige M\u00f6glichkeiten der Gestaltung! Es gibt sie in\u00a0\u00a0gl\u00e4nzender, seidenmatter oder matter Ausf\u00fchrung, in kr\u00e4ftigen oder dezenten Farbt\u00f6nen. Gl\u00e4nzende Decken k\u00f6nnen sogar die Raumh\u00f6he optisch ver\u00e4ndern. F\u00fcr eine angenehme Raumakustik kann gesorgt werden, indem man die schallneutrale Decke mit entsprechenden D\u00e4mmmaterialien dahinter versieht. Des Weiteren k\u00f6nnen eindrucksvolle Lichtdecken, die eine Tageslichtatmosph\u00e4re zaubern, einfach umgesetzt werden. Oder man gestaltet einen Raum durch ein Druckmotiv ganz individuell.<\/p><p>Bei CILING-Decken handelt es sich um ein \u201eUnterdecke-System\u201c, bei dem die alte Decke komplett kaschiert wird, dabei aber v\u00f6llig unber\u00fchrt bleibt. F\u00fcr CILING-Spanndecken werden Folien aus deutscher Produktion mit h\u00f6chster Qualit\u00e4tsstufe, CE, DIN und Brandschutz zertifiziert, verwendet.<br \/>Die Aufbauh\u00f6he kann, je nach ben\u00f6tigter Unterkonstruktion, nur 26 mm betragen. Spanndecken sind schnell, ohne gro\u00dfe Schmutzentwicklung und ohne gro\u00dfen baulichen Aufwand mittels Wand- oder Deckenprofilen montiert. Weitere Vorteile der CILING-Decken:<\/p><p style=\"margin: .5pt 0cm .0001pt 0cm;\">Sie sind so gut wie wartungsfrei, revisionierbar und bieten damit Sicherheit in jeder Situation. Sie sind auch in R\u00e4umen mit h\u00f6herer Luftfeuchtigkeit perfekt einsetzbar, da sie immer Raumtemperatur haben. Au\u00dferdem sind Ausl\u00e4sse, Freiformen und Ausschnitte um S\u00e4ulen m\u00f6glich. Diese k\u00f6nnen frei im Raum platziert werden und bieten bei der Raumgestaltung gro\u00dfe Flexibilit\u00e4t. Ein Austausch der Decke kann schnell und ohne Entfernung der Unterkonstruktion erfolgen.<\/p>\t\t\n\t\t\t\t<h5>\n\t\t\t\t\t\tFL\u00c4CHENGEWICHT\t\t\t\t\t\n\t\t\t\t<\/h5>\n\t\t\t\t\t\t\t\t\t<p>\n\t\t\t\t\t\tca. 240g \/ qm\t\t\t\t\t<\/p>\n\t\t\t\t<h5>\n\t\t\t\t\t\tDICHTE\t\t\t\t\t\n\t\t\t\t<\/h5>\n\t\t\t\t\t\t\t\t\t<p>\n\t\t\t\t\t\tbei 230\u00b0C ca. 1,4g \/ ccm\t\t\t\t\t<\/p>\n\t\t\t\t<h5>\n\t\t\t\t\t\tBRANDVERHALTEN\t\t\t\t\t\n\t\t\t\t<\/h5>\n\t\t\t\t\t\t\t\t\t<p>\n\t\t\t\t\t\tDIN 4102, Klasse B1 (schwer ent\ufb02ammbar) \nEN ISO 11925-2 und EN 13823 B-s1, d0, B-s2, d0, (Europanorm)\t\t\t\t\t<\/p>\n\t\t\t\t<h5>\n\t\t\t\t\t\tST\u00c4RKE\t\t\t\t\t\n\t\t\t\t<\/h5>\n\t\t\t\t\t\t\t\t\t<p>\n\t\t\t\t\t\tDIN 53353; 0,18 mm \u00c2\u00b110 % \t\t\t\t\t<\/p>\n\t\t\t\t<h5>\n\t\t\t\t\t\tREFLEKTORMETER GLANZMESSUNG\t\t\t\t\t\n\t\t\t\t<\/h5>\n\t\t\t\t\t\t\t\t\t<p>\n\t\t\t\t\t\tDIN 67530; ME> 60 \t\t\t\t\t<\/p>\n\t\t\t\t<h5>\n\t\t\t\t\t\tK\u00c4LTEBRUCHTEMPERATUR\t\t\t\t\t\n\t\t\t\t<\/h5>\n\t\t\t\t\t\t\t\t\t<p>\n\t\t\t\t\t\tDIN EN 1876-2; > -5\u00b0C\t\t\t\t\t<\/p>\n\t\t\t\t<h5>\n\t\t\t\t\t\tREI\u00dfFESTIGKEIT\t\t\t\t\t\n\t\t\t\t<\/h5>\n\t\t\t\t\t\t\t\t\t<p>\n\t\t\t\t\t\tDIN EN ISO 527-3 \/ 1 B \/ 200: l\u00e4ngs 25 Mpa; quer 23 Mpa DIN EN\t\t\t\t\t<\/p>\n\t\t\t\t<h5>\n\t\t\t\t\t\tREI\u00dfDEHNUNG\t\t\t\t\t\n\t\t\t\t<\/h5>\n\t\t\t\t\t\t\t\t\t<p>\n\t\t\t\t\t\tISO 527-3 \/ 1 B \/ 200: l\u00e4ngs 200 %; quer 250 % EN 12149 < 0,1 %\t\t\t\t\t<\/p>\n\t\t\t\t<h5>\n\t\t\t\t\t\tMIGRATION VON SCHWERMETALLEN\t\t\t\t\t\n\t\t\t\t<\/h5>\n\t\t\t\t\t\t\t\t\t<p>\n\t\t\t\t\t\tVinylchlorid-Monomergehalt < 1 ppm\t\t\t\t\t<\/p>\n\t\t\t\t<h5>\n\t\t\t\t\t\tGEW\u00c4HRLEISTUNG\t\t\t\t\t\n\t\t\t\t<\/h5>\n\t\t\t\t\t\t\t\t\t<p>\n\t\t\t\t\t\t10 Jahre Herstellergew\u00e4hrleistung auf Schwei\u00dfn\u00e4hte und Keder\t\t\t\t\t<\/p>\n\t\t\t\t<h5>\n\t\t\t\t\t\tMade in Germany\t\t\t\t\t\n\t\t\t\t<\/h5>\n\t\t\t\t\t\t\t\t\tCILING Decken&#8230;\n\t\t\t\t\t\t\t\t\tDownloads\n\t\t\t\t\t\t\t\t\tZertifikat\n\t\t\t\t\t\t\t\t\tCILING Decken&#8230;\n\t\t\t\t\t<p>&#8230; sind pflegeleicht<\/p><p>&#8230; sind staubabweisend und rei\u00dffest<\/p><p>&#8230; bieten eine planebene Oberfl\u00e4che<\/p><p>&#8230; zertifiziert gem\u00e4\u00df DIN EN 1416:2004<\/p><p>&#8230;\u00a0k\u00f6nnen nahezu in jeden Raum integriert werden und ihm zu neuem Ansehen verhelfen<\/p><p>&#8230; sind ma\u00dfkonfektioniert und speziell f\u00fcr den einzelnen Raum angefertigt<\/p><p>&#8230;\u00a0passen sich durch ihre Flexibilit\u00e4t allen Raumgegebenheiten an<\/p><p>&#8230; kaschieren die alten unsch\u00f6nen Deckenfl\u00e4chen komplett<\/p><p>&#8230;\u00a0k\u00f6nnen Licht, Rauchwarnmelder, Dunstabzugshauben etc. ohne gro\u00dfen Aufwand integrieren<\/p><p>&#8230;\u00a0sind meist innerhalb nur 1 Tages schnell und sauber montiert<\/p>\n\t\t\t\t\t\t\t\t\tDownloads\n\t\t\t\t\t<p>Zertifikate<\/p><p>Produktbilder?<\/p><p>\u00a0<\/p>\n\t\t\t\t\t\t\t\t\tZertifikat\n\t\t\t\t\t<p><a href=\"https:\/\/www.ciling.de\/wp-content\/uploads\/2022\/02\/Zertifikat.jpg\"><img fetchpriority=\"high\" decoding=\"async\" src=\"https:\/\/www.ciling.de\/wp-content\/uploads\/2022\/02\/Zertifikat-214x300.jpg\" alt=\"\" width=\"214\" height=\"300\" \/><\/a><\/p>\t\t\t\t\t\t\t\t<\/div>\n\t\t\t\t<\/div>\n\t\t\t\t\t<\/div>\n\t\t<\/div>\n\t\t\t\t\t<\/div>\n\t\t<\/section>\n\t\t\t\t<\/div>\n\t\t","protected":false},"excerpt":{"rendered":"<p>Ich bin ein TEst<\/p>\n","protected":false},"featured_media":2474,"template":"","meta":{"_acf_changed":false},"product_brand":[],"product_cat":[40],"product_tag":[],"class_list":{"0":"post-2431","1":"product","2":"type-product","3":"status-publish","4":"has-post-thumbnail","6":"product_cat-spanndecken","8":"first","9":"instock","10":"shipping-taxable","11":"purchasable","12":"product-type-variable"},"acf":[],"_links":{"self":[{"href":"https:\/\/www.deckenpartner.com\/konfigurator\/wp-json\/wp\/v2\/product\/2431","targetHints":{"allow":["GET"]}}],"collection":[{"href":"https:\/\/www.deckenpartner.com\/konfigurator\/wp-json\/wp\/v2\/product"}],"about":[{"href":"https:\/\/www.deckenpartner.com\/konfigurator\/wp-json\/wp\/v2\/types\/product"}],"version-history":[{"count":5,"href":"https:\/\/www.deckenpartner.com\/konfigurator\/wp-json\/wp\/v2\/product\/2431\/revisions"}],"predecessor-version":[{"id":2496,"href":"https:\/\/www.deckenpartner.com\/konfigurator\/wp-json\/wp\/v2\/product\/2431\/revisions\/2496"}],"wp:featuredmedia":[{"embeddable":true,"href":"https:\/\/www.deckenpartner.com\/konfigurator\/wp-json\/wp\/v2\/media\/2474"}],"wp:attachment":[{"href":"https:\/\/www.deckenpartner.com\/konfigurator\/wp-json\/wp\/v2\/media?parent=2431"}],"wp:term":[{"taxonomy":"product_brand","embeddable":true,"href":"https:\/\/www.deckenpartner.com\/konfigurator\/wp-json\/wp\/v2\/product_brand?post=2431"},{"taxonomy":"product_cat","embeddable":true,"href":"https:\/\/www.deckenpartner.com\/konfigurator\/wp-json\/wp\/v2\/product_cat?post=2431"},{"taxonomy":"product_tag","embeddable":true,"href":"https:\/\/www.deckenpartner.com\/konfigurator\/wp-json\/wp\/v2\/product_tag?post=2431"}],"curies":[{"name":"wp","href":"https:\/\/api.w.org\/{rel}","templated":true}]}}